{"id":290,"date":"2023-05-21T17:10:48","date_gmt":"2023-05-21T17:10:48","guid":{"rendered":"https:\/\/minikutyanapkozi.hu\/?page_id=290"},"modified":"2024-07-17T07:34:21","modified_gmt":"2024-07-17T07:34:21","slug":"rolunk","status":"publish","type":"page","link":"https:\/\/minikutyanapkozi.hu\/index.php\/rolunk\/","title":{"rendered":"R\u00f3lunk"},"content":{"rendered":"\t\t<div data-elementor-type=\"wp-page\" data-elementor-id=\"290\" class=\"elementor elementor-290\">\n\t\t\t\t<div class=\"elementor-element elementor-element-7622bd95 e-flex e-con-boxed e-con e-parent\" data-id=\"7622bd95\" data-element_type=\"container\" data-settings=\"{&quot;background_background&quot;:&quot;classic&quot;,&quot;shape_divider_bottom&quot;:&quot;mountains&quot;}\">\n\t\t\t\t\t<div class=\"e-con-inner\">\n\t\t\t\t<div class=\"elementor-shape elementor-shape-bottom\" data-negative=\"false\">\n\t\t\t<svg xmlns=\"http:\/\/www.w3.org\/2000\/svg\" viewBox=\"0 0 1000 100\" preserveAspectRatio=\"none\">\n\t<path class=\"elementor-shape-fill\" opacity=\"0.33\" d=\"M473,67.3c-203.9,88.3-263.1-34-320.3,0C66,119.1,0,59.7,0,59.7V0h1000v59.7 c0,0-62.1,26.1-94.9,29.3c-32.8,3.3-62.8-12.3-75.8-22.1C806,49.6,745.3,8.7,694.9,4.7S492.4,59,473,67.3z\"\/>\n\t<path class=\"elementor-shape-fill\" opacity=\"0.66\" d=\"M734,67.3c-45.5,0-77.2-23.2-129.1-39.1c-28.6-8.7-150.3-10.1-254,39.1 s-91.7-34.4-149.2,0C115.7,118.3,0,39.8,0,39.8V0h1000v36.5c0,0-28.2-18.5-92.1-18.5C810.2,18.1,775.7,67.3,734,67.3z\"\/>\n\t<path class=\"elementor-shape-fill\" d=\"M766.1,28.9c-200-57.5-266,65.5-395.1,19.5C242,1.8,242,5.4,184.8,20.6C128,35.8,132.3,44.9,89.9,52.5C28.6,63.7,0,0,0,0 h1000c0,0-9.9,40.9-83.6,48.1S829.6,47,766.1,28.9z\"\/>\n<\/svg>\t\t<\/div>\n\t\t<div class=\"elementor-element elementor-element-26d6552b e-con-full blur e-flex e-con e-child\" data-id=\"26d6552b\" data-element_type=\"container\" data-settings=\"{&quot;background_background&quot;:&quot;classic&quot;}\">\n\t\t\t\t<div class=\"elementor-element elementor-element-2f234797 elementor-widget elementor-widget-heading\" data-id=\"2f234797\" data-element_type=\"widget\" data-widget_type=\"heading.default\">\n\t\t\t\t<div class=\"elementor-widget-container\">\n\t\t\t<style>\/*! elementor - v3.21.0 - 26-05-2024 *\/\n.elementor-heading-title{padding:0;margin:0;line-height:1}.elementor-widget-heading .elementor-heading-title[class*=elementor-size-]>a{color:inherit;font-size:inherit;line-height:inherit}.elementor-widget-heading .elementor-heading-title.elementor-size-small{font-size:15px}.elementor-widget-heading .elementor-heading-title.elementor-size-medium{font-size:19px}.elementor-widget-heading .elementor-heading-title.elementor-size-large{font-size:29px}.elementor-widget-heading .elementor-heading-title.elementor-size-xl{font-size:39px}.elementor-widget-heading .elementor-heading-title.elementor-size-xxl{font-size:59px}<\/style><h2 class=\"elementor-heading-title elementor-size-default\">Mini Kutyanapk\u00f6zi<\/h2>\t\t<\/div>\n\t\t\t\t<\/div>\n\t\t\t\t<div class=\"elementor-element elementor-element-1aca6b2 elementor-widget elementor-widget-text-editor\" data-id=\"1aca6b2\" data-element_type=\"widget\" data-widget_type=\"text-editor.default\">\n\t\t\t\t<div class=\"elementor-widget-container\">\n\t\t\t<style>\/*! elementor - v3.21.0 - 26-05-2024 *\/\n.elementor-widget-text-editor.elementor-drop-cap-view-stacked .elementor-drop-cap{background-color:#69727d;color:#fff}.elementor-widget-text-editor.elementor-drop-cap-view-framed .elementor-drop-cap{color:#69727d;border:3px solid;background-color:transparent}.elementor-widget-text-editor:not(.elementor-drop-cap-view-default) .elementor-drop-cap{margin-top:8px}.elementor-widget-text-editor:not(.elementor-drop-cap-view-default) .elementor-drop-cap-letter{width:1em;height:1em}.elementor-widget-text-editor .elementor-drop-cap{float:left;text-align:center;line-height:1;font-size:50px}.elementor-widget-text-editor .elementor-drop-cap-letter{display:inline-block}<\/style>\t\t\t\t<p>C\u00e9g\u00fcnk b\u00fcszk\u00e9n v\u00e1llalja, hogy \u00c9rd v\u00e1ros\u00e1ban \u00e9s k\u00f6rny\u00e9k\u00e9n a legmagasabb sz\u00ednvonal\u00fa \u00e9s szem\u00e9lyre szabott szolg\u00e1ltat\u00e1sokat ny\u00fajtja a kedvenc n\u00e9gyl\u00e1b\u00fa t\u00e1rsaid sz\u00e1m\u00e1ra. Csapatunk a kutya fizioter\u00e1pia ter\u00fclet\u00e9n nagy tapasztalattal rendelkezik, \u00e9s elk\u00f6telezett a kuty\u00e1k eg\u00e9szs\u00e9g\u00e9nek, boldogs\u00e1g\u00e1nak \u00e9s j\u00f3ll\u00e9t\u00e9nek jav\u00edt\u00e1sa mellett.<\/p>\t\t\t\t\t\t<\/div>\n\t\t\t\t<\/div>\n\t\t\t\t<div class=\"elementor-element elementor-element-4b05fdfe elementor-widget elementor-widget-button\" data-id=\"4b05fdfe\" data-element_type=\"widget\" data-widget_type=\"button.default\">\n\t\t\t\t<div class=\"elementor-widget-container\">\n\t\t\t\t\t<div class=\"elementor-button-wrapper\">\n\t\t\t<a class=\"elementor-button elementor-button-link elementor-size-sm\" href=\"#elerhetoseg\">\n\t\t\t\t\t\t<span class=\"elementor-button-content-wrapper\">\n\t\t\t\t\t\t<span class=\"elementor-button-icon elementor-align-icon-right\">\n\t\t\t\t<i aria-hidden=\"true\" class=\"fas fa-arrow-right\"><\/i>\t\t\t<\/span>\n\t\t\t\t\t\t\t\t\t<span class=\"elementor-button-text\">Keress minket<\/span>\n\t\t\t\t\t<\/span>\n\t\t\t\t\t<\/a>\n\t\t<\/div>\n\t\t\t\t<\/div>\n\t\t\t\t<\/div>\n\t\t\t\t<\/div>\n\t\t\t\t\t<\/div>\n\t\t\t\t<\/div>\n\t\t<div class=\"elementor-element elementor-element-cd4d224 e-flex e-con-boxed e-con e-parent\" data-id=\"cd4d224\" data-element_type=\"container\" data-settings=\"{&quot;background_background&quot;:&quot;classic&quot;,&quot;shape_divider_bottom&quot;:&quot;mountains&quot;}\">\n\t\t\t\t\t<div class=\"e-con-inner\">\n\t\t\t\t<div class=\"elementor-shape elementor-shape-bottom\" data-negative=\"false\">\n\t\t\t<svg xmlns=\"http:\/\/www.w3.org\/2000\/svg\" viewBox=\"0 0 1000 100\" preserveAspectRatio=\"none\">\n\t<path class=\"elementor-shape-fill\" opacity=\"0.33\" d=\"M473,67.3c-203.9,88.3-263.1-34-320.3,0C66,119.1,0,59.7,0,59.7V0h1000v59.7 c0,0-62.1,26.1-94.9,29.3c-32.8,3.3-62.8-12.3-75.8-22.1C806,49.6,745.3,8.7,694.9,4.7S492.4,59,473,67.3z\"\/>\n\t<path class=\"elementor-shape-fill\" opacity=\"0.66\" d=\"M734,67.3c-45.5,0-77.2-23.2-129.1-39.1c-28.6-8.7-150.3-10.1-254,39.1 s-91.7-34.4-149.2,0C115.7,118.3,0,39.8,0,39.8V0h1000v36.5c0,0-28.2-18.5-92.1-18.5C810.2,18.1,775.7,67.3,734,67.3z\"\/>\n\t<path class=\"elementor-shape-fill\" d=\"M766.1,28.9c-200-57.5-266,65.5-395.1,19.5C242,1.8,242,5.4,184.8,20.6C128,35.8,132.3,44.9,89.9,52.5C28.6,63.7,0,0,0,0 h1000c0,0-9.9,40.9-83.6,48.1S829.6,47,766.1,28.9z\"\/>\n<\/svg>\t\t<\/div>\n\t\t<div class=\"elementor-element elementor-element-658eea4 e-con-full e-flex e-con e-child\" data-id=\"658eea4\" data-element_type=\"container\">\n\t\t\t\t<div class=\"elementor-element elementor-element-7b03a46 elementor-widget elementor-widget-heading\" data-id=\"7b03a46\" data-element_type=\"widget\" data-widget_type=\"heading.default\">\n\t\t\t\t<div class=\"elementor-widget-container\">\n\t\t\t<h2 class=\"elementor-heading-title elementor-size-default\">Tapasztalat \u00e9s hozz\u00e1\u00e9rt\u00e9s<\/h2>\t\t<\/div>\n\t\t\t\t<\/div>\n\t\t\t\t<\/div>\n\t\t<div class=\"elementor-element elementor-element-cfb5026 e-con-full e-flex e-con e-child\" data-id=\"cfb5026\" data-element_type=\"container\">\n\t\t\t\t<div class=\"elementor-element elementor-element-4b7bf5e5 elementor-widget elementor-widget-image\" data-id=\"4b7bf5e5\" data-element_type=\"widget\" data-widget_type=\"image.default\">\n\t\t\t\t<div class=\"elementor-widget-container\">\n\t\t\t<style>\/*! elementor - v3.21.0 - 26-05-2024 *\/\n.elementor-widget-image{text-align:center}.elementor-widget-image a{display:inline-block}.elementor-widget-image a img[src$=\".svg\"]{width:48px}.elementor-widget-image img{vertical-align:middle;display:inline-block}<\/style>\t\t\t\t\t\t\t\t\t\t<img fetchpriority=\"high\" decoding=\"async\" width=\"448\" height=\"298\" src=\"https:\/\/minikutyanapkozi.hu\/wp-content\/uploads\/2023\/05\/252174_1806481495600_3057178_n.jpeg\" class=\"attachment-large size-large wp-image-126\" alt=\"\" srcset=\"https:\/\/minikutyanapkozi.hu\/wp-content\/uploads\/2023\/05\/252174_1806481495600_3057178_n.jpeg 448w, https:\/\/minikutyanapkozi.hu\/wp-content\/uploads\/2023\/05\/252174_1806481495600_3057178_n-300x200.jpeg 300w\" sizes=\"(max-width: 448px) 100vw, 448px\" \/>\t\t\t\t\t\t\t\t\t\t\t\t\t<\/div>\n\t\t\t\t<\/div>\n\t\t\t\t<\/div>\n\t\t<div class=\"elementor-element elementor-element-63455c9f e-con-full blur e-flex e-con e-child\" data-id=\"63455c9f\" data-element_type=\"container\" data-settings=\"{&quot;background_background&quot;:&quot;classic&quot;}\">\n\t\t\t\t<div class=\"elementor-element elementor-element-3679f5f2 elementor-widget elementor-widget-text-editor\" data-id=\"3679f5f2\" data-element_type=\"widget\" data-widget_type=\"text-editor.default\">\n\t\t\t\t<div class=\"elementor-widget-container\">\n\t\t\t\t\t\t\t<p>C\u00e9g\u00fcnk m\u00f6g\u00f6tt sok \u00e9ves tapasztalat \u00e1ll a kutyakik\u00e9pz\u00e9s, nevel\u00e9s, tart\u00e1s ter\u00e9n. Szak\u00e9rt\u0151i csapatunk, amely mag\u00e1ba foglalja a tapasztalt kik\u00e9pz\u0151t, fizioterapeut\u00e1t, gondoskodik arr\u00f3l, hogy kuty\u00e1d a legjobb ell\u00e1t\u00e1st kapja. Kiemelked\u0151 szaktud\u00e1sunk \u00e9s folyamatos tov\u00e1bbk\u00e9pz\u00e9seink lehet\u0151v\u00e9 teszik, hogy naprak\u00e9sz \u00e9s hat\u00e9kony ter\u00e1pi\u00e1s m\u00f3dszereket alkalmazzunk.<\/p>\t\t\t\t\t\t<\/div>\n\t\t\t\t<\/div>\n\t\t\t\t<\/div>\n\t\t<div class=\"elementor-element elementor-element-267a0092 e-con-full e-flex e-con e-child\" data-id=\"267a0092\" data-element_type=\"container\" data-settings=\"{&quot;background_background&quot;:&quot;classic&quot;}\">\n\t\t\t\t<div class=\"elementor-element elementor-element-7ab04fff elementor-position-top elementor-widget elementor-widget-image-box\" data-id=\"7ab04fff\" data-element_type=\"widget\" data-widget_type=\"image-box.default\">\n\t\t\t\t<div class=\"elementor-widget-container\">\n\t\t\t<style>\/*! elementor - v3.21.0 - 26-05-2024 *\/\n.elementor-widget-image-box .elementor-image-box-content{width:100%}@media (min-width:768px){.elementor-widget-image-box.elementor-position-left .elementor-image-box-wrapper,.elementor-widget-image-box.elementor-position-right .elementor-image-box-wrapper{display:flex}.elementor-widget-image-box.elementor-position-right .elementor-image-box-wrapper{text-align:end;flex-direction:row-reverse}.elementor-widget-image-box.elementor-position-left .elementor-image-box-wrapper{text-align:start;flex-direction:row}.elementor-widget-image-box.elementor-position-top .elementor-image-box-img{margin:auto}.elementor-widget-image-box.elementor-vertical-align-top .elementor-image-box-wrapper{align-items:flex-start}.elementor-widget-image-box.elementor-vertical-align-middle .elementor-image-box-wrapper{align-items:center}.elementor-widget-image-box.elementor-vertical-align-bottom .elementor-image-box-wrapper{align-items:flex-end}}@media (max-width:767px){.elementor-widget-image-box .elementor-image-box-img{margin-left:auto!important;margin-right:auto!important;margin-bottom:15px}}.elementor-widget-image-box .elementor-image-box-img{display:inline-block}.elementor-widget-image-box .elementor-image-box-title a{color:inherit}.elementor-widget-image-box .elementor-image-box-wrapper{text-align:center}.elementor-widget-image-box .elementor-image-box-description{margin:0}<\/style><div class=\"elementor-image-box-wrapper\"><figure class=\"elementor-image-box-img\"><img decoding=\"async\" width=\"200\" height=\"200\" src=\"https:\/\/minikutyanapkozi.hu\/wp-content\/uploads\/2023\/05\/PanzioIcon-7.png\" class=\"attachment-full size-full wp-image-262\" alt=\"\" srcset=\"https:\/\/minikutyanapkozi.hu\/wp-content\/uploads\/2023\/05\/PanzioIcon-7.png 200w, https:\/\/minikutyanapkozi.hu\/wp-content\/uploads\/2023\/05\/PanzioIcon-7-150x150.png 150w\" sizes=\"(max-width: 200px) 100vw, 200px\" \/><\/figure><div class=\"elementor-image-box-content\"><h3 class=\"elementor-image-box-title\">Kutyafizioter\u00e1pia<\/h3><p class=\"elementor-image-box-description\">Kutyafizioter\u00e1pi\u00e1s szolg\u00e1ltat\u00e1saink c\u00e9lja a kuty\u00e1k mozg\u00e1s\u00e1nak helyre\u00e1ll\u00edt\u00e1sa, rehabilit\u00e1ci\u00f3ja \u00e9s fejleszt\u00e9se. Tapasztalt fizioterapeut\u00e1ink egy\u00e9ni vizsg\u00e1latot \u00e9s ter\u00e1pi\u00e1s programot k\u00e9sz\u00edtenek, melyek seg\u00edtenek a f\u00e1jdalom cs\u00f6kkent\u00e9s\u00e9ben, az izomer\u0151s\u00edt\u00e9sben \u00e9s az eg\u00e9sz test koordin\u00e1ci\u00f3j\u00e1nak jav\u00edt\u00e1s\u00e1ban.<\/p><\/div><\/div>\t\t<\/div>\n\t\t\t\t<\/div>\n\t\t\t\t<\/div>\n\t\t<div class=\"elementor-element elementor-element-30cf6d82 e-con-full e-flex e-con e-child\" data-id=\"30cf6d82\" data-element_type=\"container\">\n\t\t\t\t<div class=\"elementor-element elementor-element-4572b683 elementor-position-top elementor-widget elementor-widget-image-box\" data-id=\"4572b683\" data-element_type=\"widget\" data-widget_type=\"image-box.default\">\n\t\t\t\t<div class=\"elementor-widget-container\">\n\t\t\t<div class=\"elementor-image-box-wrapper\"><figure class=\"elementor-image-box-img\"><img decoding=\"async\" width=\"200\" height=\"200\" src=\"https:\/\/minikutyanapkozi.hu\/wp-content\/uploads\/2023\/05\/PanzioIcon-3.png\" class=\"attachment-full size-full wp-image-217\" alt=\"\" srcset=\"https:\/\/minikutyanapkozi.hu\/wp-content\/uploads\/2023\/05\/PanzioIcon-3.png 200w, https:\/\/minikutyanapkozi.hu\/wp-content\/uploads\/2023\/05\/PanzioIcon-3-150x150.png 150w\" sizes=\"(max-width: 200px) 100vw, 200px\" \/><\/figure><div class=\"elementor-image-box-content\"><h3 class=\"elementor-image-box-title\">Kutyanapk\u00f6zi<\/h3><p class=\"elementor-image-box-description\">A kutyanapk\u00f6zink lehet\u0151s\u00e9get ny\u00fajt kuty\u00e1dnak, hogy akt\u00edvan \u00e9s biztons\u00e1gos k\u00f6rnyezetben j\u00e1tszhasson \u00e9s szocializ\u00e1l\u00f3dhasson m\u00e1s kuty\u00e1kkal. Szakk\u00e9pzett szem\u00e9lyzet\u00fcnk fel\u00fcgyeli a j\u00e1t\u00e9kot, a gondoskod\u00e1st \u00e9s az interakci\u00f3t, hogy kuty\u00e1d minden sz\u00fcks\u00e9glete kiel\u00e9g\u00fclj\u00f6n.<\/p><\/div><\/div>\t\t<\/div>\n\t\t\t\t<\/div>\n\t\t\t\t<\/div>\n\t\t<div class=\"elementor-element elementor-element-27f3354a e-con-full elementor-hidden-desktop elementor-hidden-tablet elementor-hidden-mobile e-flex e-con e-child\" data-id=\"27f3354a\" data-element_type=\"container\">\n\t\t\t\t<div class=\"elementor-element elementor-element-2a598ea7 elementor-position-top elementor-widget elementor-widget-image-box\" data-id=\"2a598ea7\" data-element_type=\"widget\" data-widget_type=\"image-box.default\">\n\t\t\t\t<div class=\"elementor-widget-container\">\n\t\t\t<div class=\"elementor-image-box-wrapper\"><figure class=\"elementor-image-box-img\"><img loading=\"lazy\" decoding=\"async\" width=\"200\" height=\"200\" src=\"https:\/\/minikutyanapkozi.hu\/wp-content\/uploads\/2023\/05\/PanzioIcon-1.png\" class=\"attachment-full size-full wp-image-219\" alt=\"\" srcset=\"https:\/\/minikutyanapkozi.hu\/wp-content\/uploads\/2023\/05\/PanzioIcon-1.png 200w, https:\/\/minikutyanapkozi.hu\/wp-content\/uploads\/2023\/05\/PanzioIcon-1-150x150.png 150w\" sizes=\"(max-width: 200px) 100vw, 200px\" \/><\/figure><div class=\"elementor-image-box-content\"><h3 class=\"elementor-image-box-title\">Kutyapanzi\u00f3<\/h3><p class=\"elementor-image-box-description\">K\u00e9nyelmes \u00e9s bar\u00e1ts\u00e1gos kutyapanzi\u00f3nk ide\u00e1lis v\u00e1laszt\u00e1s, ha kuty\u00e1dnak megb\u00edzhat\u00f3 \u00e9s szeretetteljes gondoskod\u00e1sra van sz\u00fcks\u00e9ge. Biztos\u00edtjuk, hogy kuty\u00e1d otthonos \u00e9s stresszmentes k\u00f6rnyezetben pihenjen, t\u00e1rsas\u00e1got tal\u00e1ljon m\u00e1s kuty\u00e1kkal \u00e9s szakk\u00e9pzett szem\u00e9lyzet\u00fcnkkel.<\/p><\/div><\/div>\t\t<\/div>\n\t\t\t\t<\/div>\n\t\t\t\t<\/div>\n\t\t<div class=\"elementor-element elementor-element-f9e1bf7 e-con-full elementor-hidden-desktop elementor-hidden-tablet elementor-hidden-mobile e-flex e-con e-child\" data-id=\"f9e1bf7\" data-element_type=\"container\">\n\t\t\t\t<div class=\"elementor-element elementor-element-9d41dfc elementor-position-top elementor-widget elementor-widget-image-box\" data-id=\"9d41dfc\" data-element_type=\"widget\" data-widget_type=\"image-box.default\">\n\t\t\t\t<div class=\"elementor-widget-container\">\n\t\t\t<div class=\"elementor-image-box-wrapper\"><figure class=\"elementor-image-box-img\"><img loading=\"lazy\" decoding=\"async\" width=\"200\" height=\"200\" src=\"https:\/\/minikutyanapkozi.hu\/wp-content\/uploads\/2023\/05\/PanzioIcon-10.png\" class=\"attachment-full size-full wp-image-270\" alt=\"\" srcset=\"https:\/\/minikutyanapkozi.hu\/wp-content\/uploads\/2023\/05\/PanzioIcon-10.png 200w, https:\/\/minikutyanapkozi.hu\/wp-content\/uploads\/2023\/05\/PanzioIcon-10-150x150.png 150w\" sizes=\"(max-width: 200px) 100vw, 200px\" \/><\/figure><div class=\"elementor-image-box-content\"><h3 class=\"elementor-image-box-title\">Sz\u00e1ll\u00edt\u00e1s<\/h3><p class=\"elementor-image-box-description\">Biztos\u00edtsuk kuty\u00e1d k\u00e9nyelmes \u00e9s stresszmentes utaz\u00e1s\u00e1t a panzi\u00f3ba. Tapasztalt sof\u0151rjeink \u00e9s speci\u00e1lisan kialak\u00edtott j\u00e1rm\u0171veink gondoskodnak arr\u00f3l, hogy kuty\u00e1d biztons\u00e1gban \u00e9s k\u00e9nyelemben \u00e9rkezzen meg a panzi\u00f3ba.<\/p><\/div><\/div>\t\t<\/div>\n\t\t\t\t<\/div>\n\t\t\t\t<\/div>\n\t\t\t\t\t<\/div>\n\t\t\t\t<\/div>\n\t\t<div class=\"elementor-element elementor-element-6c8403cf e-flex e-con-boxed e-con e-parent\" data-id=\"6c8403cf\" data-element_type=\"container\" data-settings=\"{&quot;shape_divider_bottom&quot;:&quot;clouds&quot;,&quot;shape_divider_bottom_negative&quot;:&quot;yes&quot;}\">\n\t\t\t\t\t<div class=\"e-con-inner\">\n\t\t\t\t<div class=\"elementor-shape elementor-shape-bottom\" data-negative=\"true\">\n\t\t\t<svg xmlns=\"http:\/\/www.w3.org\/2000\/svg\" viewBox=\"0 0 283.5 27.8\" preserveAspectRatio=\"xMidYMax slice\">\n\t<path class=\"elementor-shape-fill\" d=\"M265.8 3.5c-10.9 0-15.9 6.2-15.9 6.2s-3.6-3.5-9.2-.9c-9.1 4.1-4.4 13.4-4.4 13.4s-1.2.2-1.9.9c-.6.7-.5 1.9-.5 1.9s-1-.5-2.3-.2c-1.3.3-1.6 1.4-1.6 1.4s.4-3.4-1.5-5c-3.9-3.4-8.3-.2-8.3-.2s-.6-.7-.9-.9c-.4-.2-1.2-.2-1.2-.2s-4.4-3.6-11.5-2.6-10.4 7.9-10.4 7.9-.5-3.3-3.9-4.9c-4.8-2.4-7.4 0-7.4 0s2.4-4.1-1.9-6.4-6.2 1.2-6.2 1.2-.9-.5-2.1-.5-2.3 1.1-2.3 1.1.1-.7-1.1-1.1c-1.2-.4-2 0-2 0s3.6-6.8-3.5-8.9c-6-1.8-7.9 2.6-8.4 4-.1-.3-.4-.7-.9-1.1-1-.7-1.3-.5-1.3-.5s1-4-1.7-5.2c-2.7-1.2-4.2 1.1-4.2 1.1s-3.1-1-5.7 1.4-2.1 5.5-2.1 5.5-.9 0-2.1.7-1.4 1.7-1.4 1.7-1.7-1.2-4.3-1.2c-2.6 0-4.5 1.2-4.5 1.2s-.7-1.5-2.8-2.4c-2.1-.9-4 0-4 0s2.6-5.9-4.7-9c-7.3-3.1-12.6 3.3-12.6 3.3s-.9 0-1.9.2c-.9.2-1.5.9-1.5.9S99.4 3 94.9 3.9c-4.5.9-5.7 5.7-5.7 5.7s-2.8-5-12.3-3.9-11.1 6-11.1 6-1.2-1.4-4-.7c-.8.2-1.3.5-1.8.9-.9-2.1-2.7-4.9-6.2-4.4-3.2.4-4 2.2-4 2.2s-.5-.7-1.2-.7h-1.4s-.5-.9-1.7-1.4-2.4 0-2.4 0-2.4-1.2-4.7 0-3.1 4.1-3.1 4.1-1.7-1.4-3.6-.7c-1.9.7-1.9 2.8-1.9 2.8s-.5-.5-1.7-.2c-1.2.2-1.4.7-1.4.7s-.7-2.3-2.8-2.8c-2.1-.5-4.3.2-4.3.2s-1.7-5-11.1-6c-3.8-.4-6.6.2-8.5 1v21.2h283.5V11.1c-.9.2-1.6.4-1.6.4s-5.2-8-16.1-8z\"\/>\n<\/svg>\n\t\t<\/div>\n\t\t\t\t<div class=\"elementor-element elementor-element-2366d52a elementor-widget elementor-widget-heading\" data-id=\"2366d52a\" data-element_type=\"widget\" data-widget_type=\"heading.default\">\n\t\t\t\t<div class=\"elementor-widget-container\">\n\t\t\t<h2 class=\"elementor-heading-title elementor-size-default\">Hitvall\u00e1sunk<\/h2>\t\t<\/div>\n\t\t\t\t<\/div>\n\t\t\t\t<div class=\"elementor-element elementor-element-43217a9e elementor-widget elementor-widget-text-editor\" data-id=\"43217a9e\" data-element_type=\"widget\" data-widget_type=\"text-editor.default\">\n\t\t\t\t<div class=\"elementor-widget-container\">\n\t\t\t\t\t\t\t<p>Hissz\u00fck, hogy kuty\u00e1d \u00e9lete \u00e9s j\u00f3ll\u00e9te sz\u00e1m\u00edt, \u00e9s c\u00e9lunk, hogy mindig a legjobb gondoskod\u00e1st \u00e9s szolg\u00e1ltat\u00e1sokat ny\u00fajtsuk neki. Csapatunk elk\u00f6telezett abban, hogy seg\u00edtsen a kuty\u00e1knak mozg\u00e1suk helyre\u00e1ll\u00edt\u00e1s\u00e1ban, akt\u00edv \u00e9letet \u00e9ljenek \u00e9s boldogok legyenek. B\u00edzd r\u00e1nk kuty\u00e1d eg\u00e9szs\u00e9g\u00e9t \u00e9s gondoz\u00e1s\u00e1t, \u00e9s garant\u00e1ljuk, hogy megkapja a szeretetet \u00e9s a szak\u00e9rtelmet, amit meg\u00e9rdemel.<\/p><p>L\u00e9pj kapcsolatba vel\u00fcnk m\u00e9g ma, \u00e9s fedezd fel, hogyan seg\u00edthet\u00fcnk kuty\u00e1d eg\u00e9szs\u00e9g\u00e9nek \u00e9s boldogs\u00e1g\u00e1nak jav\u00edt\u00e1s\u00e1ban!<\/p>\t\t\t\t\t\t<\/div>\n\t\t\t\t<\/div>\n\t\t\t\t\t<\/div>\n\t\t\t\t<\/div>\n\t\t<div class=\"elementor-element elementor-element-5121857 e-flex e-con-boxed e-con e-parent\" data-id=\"5121857\" data-element_type=\"container\" data-settings=\"{&quot;background_background&quot;:&quot;classic&quot;}\">\n\t\t\t\t\t<div class=\"e-con-inner\">\n\t\t<div class=\"elementor-element elementor-element-da75c2d e-con-full e-flex e-con e-child\" data-id=\"da75c2d\" data-element_type=\"container\" data-settings=\"{&quot;background_background&quot;:&quot;classic&quot;}\">\n\t\t\t\t<div class=\"elementor-element elementor-element-8c028a0 elementor-widget elementor-widget-heading\" data-id=\"8c028a0\" data-element_type=\"widget\" data-widget_type=\"heading.default\">\n\t\t\t\t<div class=\"elementor-widget-container\">\n\t\t\t<h2 class=\"elementor-heading-title elementor-size-default\">El\u00e9rhet\u0151s\u00e9g<\/h2>\t\t<\/div>\n\t\t\t\t<\/div>\n\t\t\t\t<div class=\"elementor-element elementor-element-293d4cf elementor-widget elementor-widget-text-editor\" data-id=\"293d4cf\" data-element_type=\"widget\" data-widget_type=\"text-editor.default\">\n\t\t\t\t<div class=\"elementor-widget-container\">\n\t\t\t\t\t\t\t<p>Keress minket, ha felkeltett\u00fck a figyelmed!<\/p>\t\t\t\t\t\t<\/div>\n\t\t\t\t<\/div>\n\t\t<div class=\"elementor-element elementor-element-a77efc0 e-con-full e-flex e-con e-child\" data-id=\"a77efc0\" data-element_type=\"container\">\n\t\t<div class=\"elementor-element elementor-element-59cf13a e-con-full e-flex e-con e-child\" data-id=\"59cf13a\" data-element_type=\"container\">\n\t\t\t\t<div class=\"elementor-element elementor-element-0ebec7e elementor-view-framed elementor-shape-circle elementor-widget elementor-widget-icon\" data-id=\"0ebec7e\" data-element_type=\"widget\" data-widget_type=\"icon.default\">\n\t\t\t\t<div class=\"elementor-widget-container\">\n\t\t\t\t\t<div class=\"elementor-icon-wrapper\">\n\t\t\t<a class=\"elementor-icon\" href=\"tel:+36303252202\">\n\t\t\t<i aria-hidden=\"true\" class=\"fas fa-phone\"><\/i>\t\t\t<\/a>\n\t\t<\/div>\n\t\t\t\t<\/div>\n\t\t\t\t<\/div>\n\t\t\t\t<\/div>\n\t\t<div class=\"elementor-element elementor-element-f5b4a94 e-con-full e-flex e-con e-child\" data-id=\"f5b4a94\" data-element_type=\"container\">\n\t\t\t\t<div class=\"elementor-element elementor-element-85cfc0f elementor-view-framed elementor-shape-circle elementor-widget elementor-widget-icon\" data-id=\"85cfc0f\" data-element_type=\"widget\" data-widget_type=\"icon.default\">\n\t\t\t\t<div class=\"elementor-widget-container\">\n\t\t\t\t\t<div class=\"elementor-icon-wrapper\">\n\t\t\t<a class=\"elementor-icon\" href=\"mailto:info@minikutyanapkozi.hu\">\n\t\t\t<i aria-hidden=\"true\" class=\"far fa-envelope\"><\/i>\t\t\t<\/a>\n\t\t<\/div>\n\t\t\t\t<\/div>\n\t\t\t\t<\/div>\n\t\t\t\t<\/div>\n\t\t<div class=\"elementor-element elementor-element-9e5885d e-con-full e-flex e-con e-child\" data-id=\"9e5885d\" data-element_type=\"container\">\n\t\t\t\t<div class=\"elementor-element elementor-element-53166c9 elementor-view-framed elementor-shape-circle elementor-widget elementor-widget-icon\" data-id=\"53166c9\" data-element_type=\"widget\" data-widget_type=\"icon.default\">\n\t\t\t\t<div class=\"elementor-widget-container\">\n\t\t\t\t\t<div class=\"elementor-icon-wrapper\">\n\t\t\t<a class=\"elementor-icon\" href=\"https:\/\/goo.gl\/maps\/9U2DpJY3JZNoFh8c7\">\n\t\t\t<i aria-hidden=\"true\" class=\"fas fa-map-marker-alt\"><\/i>\t\t\t<\/a>\n\t\t<\/div>\n\t\t\t\t<\/div>\n\t\t\t\t<\/div>\n\t\t\t\t<\/div>\n\t\t\t\t<\/div>\n\t\t\t\t<\/div>\n\t\t\t\t<div class=\"elementor-element elementor-element-4804fc3 elementor-widget elementor-widget-google_maps\" data-id=\"4804fc3\" data-element_type=\"widget\" data-widget_type=\"google_maps.default\">\n\t\t\t\t<div class=\"elementor-widget-container\">\n\t\t\t<style>\/*! elementor - v3.21.0 - 26-05-2024 *\/\n.elementor-widget-google_maps .elementor-widget-container{overflow:hidden}.elementor-widget-google_maps .elementor-custom-embed{line-height:0}.elementor-widget-google_maps iframe{height:300px}<\/style>\t\t<div class=\"elementor-custom-embed\">\n\t\t\t<iframe loading=\"lazy\"\n\t\t\t\t\tsrc=\"https:\/\/maps.google.com\/maps?q=%C3%89rd&#038;t=m&#038;z=10&#038;output=embed&#038;iwloc=near\"\n\t\t\t\t\ttitle=\"\u00c9rd\"\n\t\t\t\t\taria-label=\"\u00c9rd\"\n\t\t\t><\/iframe>\n\t\t<\/div>\n\t\t\t\t<\/div>\n\t\t\t\t<\/div>\n\t\t\t\t\t<\/div>\n\t\t\t\t<\/div>\n\t\t\t\t<\/div>\n\t\t","protected":false},"excerpt":{"rendered":"<p>Mini Kutyanapk\u00f6zi C\u00e9g\u00fcnk b\u00fcszk\u00e9n v\u00e1llalja, hogy \u00c9rd v\u00e1ros\u00e1ban \u00e9s k\u00f6rny\u00e9k\u00e9n a legmagasabb sz\u00ednvonal\u00fa \u00e9s szem\u00e9lyre szabott szolg\u00e1ltat\u00e1sokat ny\u00fajtja a kedvenc n\u00e9gyl\u00e1b\u00fa t\u00e1rsaid sz\u00e1m\u00e1ra. Csapatunk a kutya fizioter\u00e1pia ter\u00fclet\u00e9n nagy tapasztalattal rendelkezik, \u00e9s elk\u00f6telezett a kuty\u00e1k eg\u00e9szs\u00e9g\u00e9nek, boldogs\u00e1g\u00e1nak \u00e9s j\u00f3ll\u00e9t\u00e9nek jav\u00edt\u00e1sa mellett. Keress minket Tapasztalat \u00e9s hozz\u00e1\u00e9rt\u00e9s C\u00e9g\u00fcnk m\u00f6g\u00f6tt sok \u00e9ves tapasztalat \u00e1ll a kutyakik\u00e9pz\u00e9s, nevel\u00e9s, [&hellip;]<\/p>\n","protected":false},"author":1,"featured_media":0,"parent":0,"menu_order":0,"comment_status":"closed","ping_status":"closed","template":"","meta":[],"_links":{"self":[{"href":"https:\/\/minikutyanapkozi.hu\/index.php\/wp-json\/wp\/v2\/pages\/290"}],"collection":[{"href":"https:\/\/minikutyanapkozi.hu\/index.php\/wp-json\/wp\/v2\/pages"}],"about":[{"href":"https:\/\/minikutyanapkozi.hu\/index.php\/wp-json\/wp\/v2\/types\/page"}],"author":[{"embeddable":true,"href":"https:\/\/minikutyanapkozi.hu\/index.php\/wp-json\/wp\/v2\/users\/1"}],"replies":[{"embeddable":true,"href":"https:\/\/minikutyanapkozi.hu\/index.php\/wp-json\/wp\/v2\/comments?post=290"}],"version-history":[{"count":31,"href":"https:\/\/minikutyanapkozi.hu\/index.php\/wp-json\/wp\/v2\/pages\/290\/revisions"}],"predecessor-version":[{"id":655,"href":"https:\/\/minikutyanapkozi.hu\/index.php\/wp-json\/wp\/v2\/pages\/290\/revisions\/655"}],"wp:attachment":[{"href":"https:\/\/minikutyanapkozi.hu\/index.php\/wp-json\/wp\/v2\/media?parent=290"}],"curies":[{"name":"wp","href":"https:\/\/api.w.org\/{rel}","templated":true}]}}